{"id":941,"date":"2022-07-28T15:57:36","date_gmt":"2022-07-28T19:57:36","guid":{"rendered":"https:\/\/bmo-stg.plank.dev\/about\/"},"modified":"2024-08-26T14:58:01","modified_gmt":"2024-08-26T18:58:01","slug":"about","status":"publish","type":"page","link":"https:\/\/bmo-stg.plank.dev\/fr\/about\/","title":{"rendered":"\u00c0 propos de"},"content":{"rendered":"\n\n\n\n\n<p class=\"has-text-align-center\"><strong>L\u00e9gendes des images pour les pages principales :<\/strong><\/p>\n\n\n\n<p class=\"has-text-align-center\"><br><strong>Page d&#8217;accueil :<\/strong> Photographie d\u2019employ\u00e9es de la Banque de Montr\u00e9al faisant fonctionner une trieuse de ch\u00e8ques d\u2019IBM, Centre de g\u00e9nie de Montr\u00e9al, 1963.<br><strong>Expositions :<\/strong> Photographie d\u2019un kiosque pr\u00e9sentant le ch\u00e8que \u00e0 s\u00e9curit\u00e9 absolue, exposition itin\u00e9rante de la Banque de Montr\u00e9al, 1969.<br><strong>\u00c0 propos : <\/strong>Photographie d\u2019une employ\u00e9e de la Banque de Montr\u00e9al servant des clients, First Canadian Centre, Calgary, Alberta, vers 1950.<br><strong>Articles :<\/strong> Photographie d\u2019employ\u00e9s de la Banque de Montr\u00e9al \u00e9crivant dans des grands livres \u00e0 la succursale de Prince George, Colombie-Britannique, 1910.<br><strong>Collections : <\/strong>\u00ab \u00ab Ma Banque \u00bb pour 3 millions de Canadiens \u00bb, publicit\u00e9, 1961.<br><strong>Mus\u00e9e :<\/strong> Photographie de la succursale principale de la Banque de Montr\u00e9al, Montr\u00e9al, Qu\u00e9bec.<br><strong>Jalons :<\/strong> Photographie de membres du Club des jeunes Expos et du voltigeur Rusty Staub, vers 1970.<\/p>\n\n\n\n<div style=\"height:100px\" aria-hidden=\"true\" class=\"wp-block-spacer\"><\/div>\n","protected":false},"excerpt":{"rendered":"<p>L\u00e9gendes des images pour les pages principales : Page d&#8217;accueil : Photographie d\u2019employ\u00e9es de la Banque de Montr\u00e9al faisant fonctionner une trieuse de ch\u00e8ques d\u2019IBM, Centre de g\u00e9nie de Montr\u00e9al, 1963.Expositions : Photographie d\u2019un kiosque pr\u00e9sentant le ch\u00e8que \u00e0 s\u00e9curit\u00e9 absolue, exposition itin\u00e9rante de la Banque de Montr\u00e9al, 1969.\u00c0 propos : Photographie d\u2019une employ\u00e9e de [&hellip;]<\/p>\n","protected":false},"author":1,"featured_media":0,"parent":0,"menu_order":0,"comment_status":"closed","ping_status":"closed","template":"","meta":{"_acf_changed":false,"footnotes":""},"class_list":["post-941","page","type-page","status-publish","hentry"],"acf":[],"_links":{"self":[{"href":"https:\/\/bmo-stg.plank.dev\/fr\/wp-json\/wp\/v2\/pages\/941","targetHints":{"allow":["GET"]}}],"collection":[{"href":"https:\/\/bmo-stg.plank.dev\/fr\/wp-json\/wp\/v2\/pages"}],"about":[{"href":"https:\/\/bmo-stg.plank.dev\/fr\/wp-json\/wp\/v2\/types\/page"}],"author":[{"embeddable":true,"href":"https:\/\/bmo-stg.plank.dev\/fr\/wp-json\/wp\/v2\/users\/1"}],"replies":[{"embeddable":true,"href":"https:\/\/bmo-stg.plank.dev\/fr\/wp-json\/wp\/v2\/comments?post=941"}],"version-history":[{"count":62,"href":"https:\/\/bmo-stg.plank.dev\/fr\/wp-json\/wp\/v2\/pages\/941\/revisions"}],"predecessor-version":[{"id":109296,"href":"https:\/\/bmo-stg.plank.dev\/fr\/wp-json\/wp\/v2\/pages\/941\/revisions\/109296"}],"wp:attachment":[{"href":"https:\/\/bmo-stg.plank.dev\/fr\/wp-json\/wp\/v2\/media?parent=941"}],"curies":[{"name":"wp","href":"https:\/\/api.w.org\/{rel}","templated":true}]}}